{"id":29,"date":"2021-10-21T18:56:48","date_gmt":"2021-10-21T16:56:48","guid":{"rendered":"https:\/\/wmk.pl\/?page_id=29"},"modified":"2021-10-21T18:57:37","modified_gmt":"2021-10-21T16:57:37","slug":"wlasciwosci-i-zastosowanie","status":"publish","type":"page","link":"http:\/\/www.wmk.pl\/?page_id=29","title":{"rendered":"W\u0142a\u015bciwo\u015bci i zastosowanie"},"content":{"rendered":"\n<h1 class=\"wp-block-heading\"><\/h1>\n\n\n\n<h5 class=\"wp-block-heading\">ODT\u0141USZCZAJ\u0104CE W\u0141A\u015aCIWO\u015aCI I ZASTOSOWANIE PREPARAT\u00d3W FIRMY CHRISAL<\/h5>\n\n\n\n<p>Nasze \u015brodki odt\u0142uszczaj\u0105ce na bazie wody, odznaczaj\u0105 si\u0119 t\u0105 zalet\u0105, \u017ce w du\u017cej mierze mog\u0105 by\u0107 bezpo\u015brednio odprowadzane do \u015brodowiska (po uprzednim oddzieleniu osad\u00f3w), s\u0105 niepalne, nielotne i biodegradalne na poziomie glukozy, co daje oszcz\u0119dno\u015bci (do 90% dotychczasowych koszt\u00f3w) w odprowadzaniu odpad\u00f3w chemicznych.<\/p>\n\n\n\n<p>U\u017cywanie naszych \u015brodk\u00f3w odt\u0142uszczaj\u0105cych i czyszcz\u0105cych pozwala na uzyskanie powa\u017cnych oszcz\u0119dno\u015bci w kosztach zu\u017cycia produkt\u00f3w czyszcz\u0105cych, dzi\u0119ki stopniowemu zmniejszaniu st\u0119\u017ce\u0144 u\u017cytkowych produktu, w por\u00f3wnaniu do wi\u0119kszo\u015bci innych \u015brodk\u00f3w.<\/p>\n\n\n\n<p>Oto g\u0142\u00f3wny czynnik, kt\u00f3ry o tym decyduje:<br>\u2013 t\u0142uszcze oddzielone przez nasz produkt, szybko podlegaj\u0105 demulgacji \u2013 rozdzieleniu, \u0142atwo poddaj\u0105 si\u0119 w procesie dekantacji \u2013 oddzieleniu osadu od naszego produktu, przez co wyd\u0142u\u017ca si\u0119 jego dzia\u0142anie.<\/p>\n\n\n\n<p>Dodatkowym walorem naszych produkt\u00f3w jest to, \u017ce jako\u015b\u0107 samego odt\u0142uszczenia jest bardziej sta\u0142a i d\u0142ugotrwa\u0142a ni\u017c konwencjonalnych preparat\u00f3w, kt\u00f3rych skuteczno\u015b\u0107 spada wraz ze stopniem nasycenia zanieczyszczeniami.<\/p>\n\n\n\n<p>Systematyczne stosowanie naszej technologii, pozwala na znaczne podniesienie poziomu utrzymania czysto\u015bci, co ma ogromny wp\u0142yw na podniesienie jako\u015bci produkcji, jak r\u00f3wnie\u017c utrzyma\u0107 w idealnym stanie drogie wyposa\u017cenie, oprzyrz\u0105dowanie, przez co wyd\u0142u\u017ca si\u0119 czas ich eksploatacji!<\/p>\n\n\n\n<h6 class=\"wp-block-heading\"><strong>Og\u00f3lne cechy charakterystyczne.<\/strong><\/h6>\n\n\n\n<p>Gdy m\u00f3wimy o og\u00f3lnych cechach charakterystycznych, to mamy na my\u015bli zasadnicze w\u0142a\u015bciwo\u015bci, kt\u00f3rymi charakteryzuj\u0105 si\u0119 prawie wszystkie nasze produkty. A ju\u017c na pewno, gdy chodzi o produkty ECONOMIC i jego pochodne. S\u0105 one najcz\u0119\u015bciej sprzedawane, poniewa\u017c zawieraj\u0105 ten sam produkt wyj\u015bciowy, kt\u00f3ry jest wyrazem najlepszej relacji jako\u015bci, jak r\u00f3wnie\u017c ceny i w\u0142a\u015bciwo\u015bci technicznych. Przy bli\u017cszym poznaniu cech charakterystycznych, zapoznajemy si\u0119 automatycznie, w du\u017cym stopniu, z innymi naszymi produktami.<\/p>\n\n\n\n<h6 class=\"wp-block-heading\"><strong>Du\u017ca si\u0142a penetruj\u0105ca produktu<\/strong>.<\/h6>\n\n\n\n<p>Podstawowe funkcje w naszych produktach, pe\u0142ni\u0105 substancje powierzchniowo-czynne. Dzi\u0119ki du\u017cej sile penetruj\u0105cej, zabrudzenia odrywane s\u0105 od pod\u0142o\u017ca. Nawet tak uci\u0105\u017cliwe zabrudzenia, jak zabrudzenia z t\u0142uszcz\u00f3w organicznych, s\u0105 z \u0142atwo\u015bci\u0105 usuwane.<\/p>\n\n\n\n<h6 class=\"wp-block-heading\"><strong>W\u0142a\u015bciwo\u015bci odt\u0142uszczaj\u0105ce<\/strong><\/h6>\n\n\n\n<p>Tylko praktyka mo\u017ce przekona\u0107 klienta o wspania\u0142ych w\u0142a\u015bciwo\u015bciach odt\u0142uszczaj\u0105cych produkt\u00f3w. Jest oczywiste, \u017ce zaleca si\u0119 podwy\u017cszenie temperatury cieczy czyszcz\u0105cej, ponad temperatur\u0119 p\u0142yni\u0119cia t\u0142uszcz\u00f3w. Odt\u0142uszczanie w takich warunkach b\u0119dzie przebiega\u0107 znacznie sprawniej. W skrajnych przypadkach, nie ma wi\u0119kszego sensu, by r\u0119cznie usuwa\u0107 nagromadzony t\u0142uszcz. W ka\u017cdym razie, nasze produkty oddzia\u0142ywaj\u0105 na wszelkie rodzaje t\u0142uszcz\u00f3w w taki spos\u00f3b, i\u017c trac\u0105 one sw\u0105 lepko\u015b\u0107, a wi\u0119c staj\u0105 si\u0119 bardzo \u0142atwe do usuni\u0119cia.<\/p>\n\n\n\n<h6 class=\"wp-block-heading\"><strong>W\u0142a\u015bciwo\u015bci antystatyczne<\/strong><\/h6>\n\n\n\n<p>Ogromn\u0105 zalet\u0105 naszego produktu, opr\u00f3cz idealnego oczyszczenia powierzchni, jest pozostawienie na powierzchni czyszczonej warstwy antystatycznej, co znacznie op\u00f3\u017ania proces ponownego jej zanieczyszczenia<\/p>\n\n\n\n<h6 class=\"wp-block-heading\"><strong>Czas oddzia\u0142ywania<\/strong><\/h6>\n\n\n\n<p>Niezwykle wa\u017cna jest tu dog\u0142\u0119bna znajomo\u015b\u0107 produktu. Naj\u0142atwiej zdoby\u0107 t\u0119 wiedz\u0119 w drodze w\u0142asnych pr\u00f3b, i co tu jest szczeg\u00f3lnie wa\u017cne, to umiej\u0119tno\u015b\u0107 uchwycenia zale\u017cno\u015bci zachodz\u0105cych mi\u0119dzy r\u00f3\u017cnymi w\u0142a\u015bciwo\u015bciami, a ich oddzia\u0142ywaniem. Czynnik czasu dzia\u0142ania nale\u017cy do jednego z wa\u017cniejszych.<br>Jako kardynaln\u0105 zasad\u0119, nale\u017cy tu przyj\u0105\u0107, i\u017c: im grubsza lub twardsza jest warstwa zanieczyszczenia, tym d\u0142u\u017cszy musi by\u0107 czas dzia\u0142ania produktu. Opr\u00f3cz w\u0142a\u015bciwej temperatury i nale\u017cytego rozcie\u0144czenia, jest to bodaj najwa\u017cniejszy element. W niekt\u00f3rych typach zanieczyszcze\u0144, czyszczenie przebiega szybko (np. usuwanie nikotyny), a w innych wolniej (np. czyszczenie piec\u00f3w piekarniczych, smar\u00f3w grafitowych).<br>W przypadku, gdy okre\u015blone czyszczenie nie daje od razu po\u017c\u0105danego efektu, to najcz\u0119\u015bciej dzieje si\u0119 tak za spraw\u0105 zbyt kr\u00f3tkiego okresu dzia\u0142ania preparatu.<\/p>\n\n\n\n<h6 class=\"wp-block-heading\"><strong>Brak reakcji chemicznych<\/strong><\/h6>\n\n\n\n<p>Bardzo istotn\u0105 cecha naszych produkt\u00f3w, mimo bardzo wysokiego pH, jest brak jakiejkolwiek reakcji chemicznej, zar\u00f3wno z pod\u0142o\u017cem jak i sk\u00f3r\u0105 cz\u0142owieka.<\/p>\n\n\n\n<h6 class=\"wp-block-heading\"><strong>Temperatura<\/strong><\/h6>\n\n\n\n<p>\u0141atwiej jest usuwa\u0107 t\u0142uszcze, gdy u\u017cywamy do tego celu p\u0142ynu o podwy\u017cszonej temperaturze.<\/p>\n\n\n\n<p>Na og\u00f3\u0142 przyjmuje si\u0119, \u017ce ka\u017cde podwy\u017cszenie temperatury o 10\u00b0 C skraca czas oddzia\u0142ywania produktu o po\u0142ow\u0119.<br>Dzi\u0119ki, wspomnianemu ju\u017c brakowi reakcji chemicznych, mo\u017cliwe jest stosowanie bardzo wysokich temperatur ( w postaci \u017celowej nawet do 250\u2019C), poniewa\u017c brak reakcji chemicznej powoduje brak powstawania szkodliwych opar\u00f3w i nowych, niebezpiecznych zwi\u0105zk\u00f3w chemicznych.<\/p>\n\n\n\n<h6 class=\"wp-block-heading\"><strong>Rozcie\u0144czanie<\/strong><\/h6>\n\n\n\n<p>Oczywi\u015bcie, bardzo wa\u017cne jest odpowiednie st\u0119\u017cenie naszego produktu. Wszystkie nasze produkty maj\u0105 instrukcj\u0119 dotycz\u0105c\u0105 rozcie\u0144czania. Wymagany poziom jest podawany tylko dla pocz\u0105tkowych zastosowa\u0144. Ze wzrostem do\u015bwiadczenia, samemu mo\u017cna zdecydowa\u0107, jak w danym przypadku najlepiej rozcie\u0144czy\u0107 produkt.<\/p>\n\n\n\n<h6 class=\"wp-block-heading\"><strong>Usuwanie nieprzyjemnych zapach\u00f3w<\/strong>&nbsp;<\/h6>\n\n\n\n<p>W naszej ofercie znajdziecie Pa\u0144stwo tak\u017ce produkty, kt\u00f3re bardzo dobrze radz\u0105 sobie z usuwaniem nieprzyjemnych zapach\u00f3w. Warto podkre\u015bli\u0107, \u017ce po zastosowaniu produkt\u00f3w zapachy zostaj\u0105 ca\u0142kowicie usuni\u0119te a nie tylko \u201eprzyt\u0142umione\u201d. Na przyk\u0142ad ca\u0142kowitemu rozk\u0142adowi ulegaj\u0105 cz\u0105steczki zapachowe bardzo wonnego preparatu merkaptan \u2013 dodatku do gazu naturalnego.<\/p>\n\n\n\n<p>Wi\u0119kszo\u015b\u0107 produkt\u00f3w jest bezwonna. Lekki zapach mo\u017ce pojawi\u0107 si\u0119 przy podgrzaniu produktu. Jest to wtedy zapach \u201e\u015bwie\u017cy\u201d i niedra\u017cni\u0105cy.<\/p>\n\n\n\n<h5 class=\"wp-block-heading\"><strong>TECHNOLOGIA MYCIA I ODT\u0141USZCZANIA<\/strong><\/h5>\n\n\n\n<p>Produkty nasze s\u0105 uniwersalne pod wzgl\u0119dem sposob\u00f3w stosowania, dlatego mog\u0105 by\u0107 u\u017cywane zar\u00f3wno do stosowania r\u0119cznego (w gospodarstwach domowych), jak i w przemys\u0142owych systemach oczyszczaj\u0105cych.<br>Nale\u017cy pami\u0119ta\u0107, \u017ce dla osi\u0105gni\u0119cia optymalnych wynik\u00f3w trzeba przestrzega\u0107 technologii ich stosowania i przede wszystkim uwzgl\u0119dni\u0107 nast\u0119puj\u0105ce zasady:<\/p>\n\n\n\n<p><br><strong>W\u0142a\u015bciwy dob\u00f3r produktu<\/strong><br>Z ca\u0142ej gamy oferowanych przez nas produkt\u00f3w nale\u017cy wybra\u0107 ten \u015brodek, kt\u00f3ry b\u0119dzie najbardziej odpowiedni dla materia\u0142u, z jakiego wykonana jest oczyszczana powierzchnia oraz stopnia i rodzaju wyst\u0119puj\u0105cego na niej zanieczyszczenia. Nale\u017cy przy tym uwzgl\u0119dni\u0107 szorstko\u015b\u0107 i stan czyszczonej powierzchni.<\/p>\n\n\n\n<p><strong>Odpowiednie st\u0119\u017cenie roztworu myj\u0105cego<\/strong><br>Poniewa\u017c ka\u017cdy rodzaj i stan czyszczonej powierzchni oraz stan, rodzaj i intensywno\u015b\u0107 wyst\u0119puj\u0105cego na niej zabrudzenia jest inny, nale\u017cy zalecenia podane na etykiecie traktowa\u0107 jako orientacyjne i do\u015bwiadczalnie dobra\u0107 najw\u0142a\u015bciwsze. Dob\u00f3r optymalnego st\u0119\u017cenia roztworu myj\u0105cego pozwoli na uzyskanie w\u0142a\u015bciwego efektu przy najni\u017cszych kosztach.<\/p>\n\n\n\n<p><strong>Odpowiednia temperatura roztworu<\/strong><br>Z uwagi na to, \u017ce roztwory myj\u0105ce sporz\u0105dzone z oferowanych przez nas produkt\u00f3w zawieraj\u0105 du\u017c\u0105 ilo\u015b\u0107 wody zalecane jest nie stosowanie ich przy ujemnych temperaturach. Skuteczno\u015b\u0107 dzia\u0142ania naszych produkt\u00f3w jest taka sama w temperaturze 10\u00b0C jak i 80\u00b0C, z tym tylko, \u017ce przy ni\u017cszych temperaturach nale\u017cy da\u0107 im mo\u017cliwo\u015b\u0107 d\u0142u\u017cszego oddzia\u0142ywania na czyszczon\u0105 powierzchni\u0119, lub zwi\u0119kszy\u0107 st\u0119\u017cenie roztworu.<br>Optymalna temperatura roztworu to 40 do 80\u00b0C. Aktywne powierzchniowo produkty firmy&nbsp;<strong>CHRISAL<\/strong>&nbsp;nie trac\u0105 swojej w\u0142a\u015bciwo\u015bci nawet w temperaturach wy\u017cszych ni\u017c 200\u00b0C, dlatego mo\u017cna je stosowa\u0107 tak\u017ce do czyszczenia piec\u00f3w, komin\u00f3w lub maszyn i urz\u0105dze\u0144 w trakcie pracy.<\/p>\n\n\n\n<p><strong>Spos\u00f3b nanoszenia roztworu<\/strong><br>Dla oferowanych przez nas produkt\u00f3w nie jest istotne, w jaki spos\u00f3b b\u0119dziemy go nanosi\u0107 na czyszczon\u0105 powierzchni\u0119, lecz \u017ceby optymalnie rozprowadzi\u0107 go na niej. Dopuszczalne s\u0105 wszystkie dost\u0119pne sposoby spe\u0142niaj\u0105ce ten warunek. W zale\u017cno\u015bci od potrzeb i mo\u017cliwo\u015bci mo\u017cemy do tego celu u\u017cy\u0107 zar\u00f3wno \u015bciereczki, g\u0105bki, szczotki, spryskiwacza lub mopa, jak i profesjonalnego sprz\u0119tu takiego jak maszyny czyszcz\u0105ce, myjki ci\u015bnieniowe lub wanienki.<\/p>\n\n\n\n<p><strong>Czas dzia\u0142ania roztworu<\/strong><br>Mo\u017ce oferowane przez nas produkty wymagaj\u0105 troch\u0119 wi\u0119cej czasu by nale\u017cycie wywi\u0105za\u0107 si\u0119 ze swojego zadania, a by\u0107 mo\u017ce inne produkty musz\u0105 zosta\u0107 szybko usuni\u0119te by ca\u0142kowicie nie zniszczy\u0142y czyszczonej powierzchni, lecz jedno jest pewne \u2013 wszystkie musz\u0105 mie\u0107 sw\u00f3j optymalny czas na dzia\u0142anie. W przypadku naszych produkt\u00f3w czyszcz\u0105cych ten czas jest zale\u017cny od rodzaju materia\u0142u i stanu powierzchni (g\u0142adka czy porowata) od rodzaju i charakteru zanieczyszczenia (kurz, osad nikotynowy czy smar grafitowy) oraz od temperatury i sposobu czyszczenia. Im grubsza, starsza czy twardsza jest warstwa zanieczyszczenia, tym d\u0142u\u017cej powinni\u015bmy pozwoli\u0107 dzia\u0142a\u0107 naszym preparatom. Zwykle, optymalny czas oddzia\u0142ywania wynosi od kilku sekund (kurz, osad nikotynowy) do kilku minut (smar grafitowy; sadza).<\/p>\n\n\n\n<p><strong>Dzia\u0142ania mechaniczne wspomagaj\u0105ce proces czyszczenia<\/strong><br>W przypadku wi\u0119kszych zanieczyszcze\u0144 pojawia si\u0119 konieczno\u015b\u0107 ich mechanicznego usuwania. Mo\u017cemy to robi\u0107 w r\u00f3\u017cny spos\u00f3b np. wykorzystuj\u0105c do tego celu wanny ultrad\u017awi\u0119kowe czy wibracyjne lub myjki, czy te\u017c inne urz\u0105dzenia do mycia wyrob\u00f3w pod ci\u015bnieniem. Mo\u017cemy r\u00f3wnie\u017c u\u017cywa\u0107 r\u0119cznych sposob\u00f3w np. szczotek, skrobaczek, strumienia wody lub spr\u0119\u017conego powietrza.<\/p>\n\n\n\n<div class=\"wp-block-image\"><figure class=\"aligncenter\"><img decoding=\"async\" src=\"https:\/\/chrisal.pl\/wp-content\/uploads\/2018\/05\/schemat.png\" alt=\"\" class=\"wp-image-1860\"\/><\/figure><\/div>\n\n\n\n<p>Powy\u017cszy schemat jest odzwierciedleniem dzia\u0142ania naszej technologii, kt\u00f3ra pozwala na wzajemne uzupe\u0142nianie si\u0119 poszczeg\u00f3lnych czynnik\u00f3w (produkt, czas, temperatura, mechanika). Pozwala to na dopasowanie technologii do mo\u017cliwo\u015bci i potrzeb ka\u017cdego klienta.<\/p>\n","protected":false},"excerpt":{"rendered":"<p>ODT\u0141USZCZAJ\u0104CE W\u0141A\u015aCIWO\u015aCI I ZASTOSOWANIE PREPARAT\u00d3W FIRMY CHRISAL Nasze \u015brodki odt\u0142uszczaj\u0105ce na bazie wody, odznaczaj\u0105 si\u0119 t\u0105 zalet\u0105, \u017ce w du\u017cej mierze mog\u0105 by\u0107 bezpo\u015brednio odprowadzane do \u015brodowiska (po uprzednim oddzieleniu osad\u00f3w), s\u0105 niepalne, nielotne i biodegradalne na poziomie glukozy, co daje oszcz\u0119dno\u015bci (do 90% dotychczasowych koszt\u00f3w) w odprowadzaniu odpad\u00f3w chemicznych. U\u017cywanie naszych \u015brodk\u00f3w odt\u0142uszczaj\u0105cych i [&hellip;]<\/p>\n","protected":false},"author":1,"featured_media":0,"parent":26,"menu_order":0,"comment_status":"closed","ping_status":"closed","template":"","meta":{"footnotes":""},"class_list":["post-29","page","type-page","status-publish","hentry"],"jetpack_sharing_enabled":true,"_links":{"self":[{"href":"http:\/\/www.wmk.pl\/index.php?rest_route=\/wp\/v2\/pages\/29","targetHints":{"allow":["GET"]}}],"collection":[{"href":"http:\/\/www.wmk.pl\/index.php?rest_route=\/wp\/v2\/pages"}],"about":[{"href":"http:\/\/www.wmk.pl\/index.php?rest_route=\/wp\/v2\/types\/page"}],"author":[{"embeddable":true,"href":"http:\/\/www.wmk.pl\/index.php?rest_route=\/wp\/v2\/users\/1"}],"replies":[{"embeddable":true,"href":"http:\/\/www.wmk.pl\/index.php?rest_route=%2Fwp%2Fv2%2Fcomments&post=29"}],"version-history":[{"count":2,"href":"http:\/\/www.wmk.pl\/index.php?rest_route=\/wp\/v2\/pages\/29\/revisions"}],"predecessor-version":[{"id":31,"href":"http:\/\/www.wmk.pl\/index.php?rest_route=\/wp\/v2\/pages\/29\/revisions\/31"}],"up":[{"embeddable":true,"href":"http:\/\/www.wmk.pl\/index.php?rest_route=\/wp\/v2\/pages\/26"}],"wp:attachment":[{"href":"http:\/\/www.wmk.pl\/index.php?rest_route=%2Fwp%2Fv2%2Fmedia&parent=29"}],"curies":[{"name":"wp","href":"https:\/\/api.w.org\/{rel}","templated":true}]}}